{"id":769,"date":"2015-01-29T16:20:12","date_gmt":"2015-01-29T13:20:12","guid":{"rendered":"http:\/\/moldstandart.md\/?page_id=769"},"modified":"2020-03-03T15:28:00","modified_gmt":"2020-03-03T12:28:00","slug":"partners","status":"publish","type":"page","link":"https:\/\/moldstandart.md\/en\/moldavian-standard-house\/partners\/","title":{"rendered":"Partners"},"content":{"rendered":"<p>[et_pb_section bb_built=&#8221;1&#8243; admin_label=&#8221;section&#8221; fullwidth=&#8221;on&#8221; background_color=&#8221;#770000&#8243; inner_shadow=&#8221;off&#8221; parallax=&#8221;off&#8221; background_image=&#8221;http:\/\/moldstandart.md\/wp-content\/uploads\/inside_bg3.jpg&#8221; inner_width=&#8221;auto&#8221; inner_max_width=&#8221;none&#8221; next_background_color=&#8221;#ffffff&#8221;][et_pb_fullwidth_header admin_label=&#8221;Fullwidth Header&#8221; title=&#8221;Partners&#8221; background_layout=&#8221;dark&#8221; text_orientation=&#8221;left&#8221; content_max_width=&#8221;none&#8221; background_color=&#8221;rgba(255, 255, 255, 0)&#8221; button_one_text_size__hover_enabled=&#8221;off&#8221; button_one_text_size__hover=&#8221;null&#8221; button_two_text_size__hover_enabled=&#8221;off&#8221; button_two_text_size__hover=&#8221;null&#8221; button_one_text_color__hover_enabled=&#8221;off&#8221; button_one_text_color__hover=&#8221;null&#8221; button_two_text_color__hover_enabled=&#8221;off&#8221; button_two_text_color__hover=&#8221;null&#8221; button_one_border_width__hover_enabled=&#8221;off&#8221; button_one_border_width__hover=&#8221;null&#8221; button_two_border_width__hover_enabled=&#8221;off&#8221; button_two_border_width__hover=&#8221;null&#8221; button_one_border_color__hover_enabled=&#8221;off&#8221; button_one_border_color__hover=&#8221;null&#8221; button_two_border_color__hover_enabled=&#8221;off&#8221; button_two_border_color__hover=&#8221;null&#8221; button_one_border_radius__hover_enabled=&#8221;off&#8221; button_one_border_radius__hover=&#8221;null&#8221; button_two_border_radius__hover_enabled=&#8221;off&#8221; button_two_border_radius__hover=&#8221;null&#8221; button_one_letter_spacing__hover_enabled=&#8221;off&#8221; button_one_letter_spacing__hover=&#8221;null&#8221; button_two_letter_spacing__hover_enabled=&#8221;off&#8221; button_two_letter_spacing__hover=&#8221;null&#8221; button_one_bg_color__hover_enabled=&#8221;off&#8221; button_one_bg_color__hover=&#8221;null&#8221; button_two_bg_color__hover_enabled=&#8221;off&#8221; button_two_bg_color__hover=&#8221;null&#8221; \/][\/et_pb_section][et_pb_section bb_built=&#8221;1&#8243; admin_label=&#8221;section&#8221; inner_width=&#8221;auto&#8221; inner_max_width=&#8221;none&#8221; prev_background_color=&#8221;#770000&#8243;][et_pb_row admin_label=&#8221;row&#8221; background_position=&#8221;top_left&#8221; background_repeat=&#8221;repeat&#8221; background_size=&#8221;initial&#8221; width=&#8221;80%&#8221; max_width=&#8221;1080px&#8221;][et_pb_column type=&#8221;4_4&#8243;][et_pb_text admin_label=&#8221;Text&#8221; use_border_color=&#8221;off&#8221; background_position=&#8221;top_left&#8221; background_repeat=&#8221;repeat&#8221; background_size=&#8221;initial&#8221; _builder_version=&#8221;3.22.7&#8243; text_text_shadow_horizontal_length=&#8221;text_text_shadow_style,%91object Object%93&#8243; text_text_shadow_vertical_length=&#8221;text_text_shadow_style,%91object Object%93&#8243; text_text_shadow_blur_strength=&#8221;text_text_shadow_style,%91object Object%93&#8243; link_text_shadow_horizontal_length=&#8221;link_text_shadow_style,%91object Object%93&#8243; link_text_shadow_vertical_length=&#8221;link_text_shadow_style,%91object Object%93&#8243; link_text_shadow_blur_strength=&#8221;link_text_shadow_style,%91object Object%93&#8243; ul_text_shadow_horizontal_length=&#8221;ul_text_shadow_style,%91object Object%93&#8243; ul_text_shadow_vertical_length=&#8221;ul_text_shadow_style,%91object Object%93&#8243; ul_text_shadow_blur_strength=&#8221;ul_text_shadow_style,%91object Object%93&#8243; ol_text_shadow_horizontal_length=&#8221;ol_text_shadow_style,%91object Object%93&#8243; ol_text_shadow_vertical_length=&#8221;ol_text_shadow_style,%91object Object%93&#8243; ol_text_shadow_blur_strength=&#8221;ol_text_shadow_style,%91object Object%93&#8243; quote_text_shadow_horizontal_length=&#8221;quote_text_shadow_style,%91object Object%93&#8243; quote_text_shadow_vertical_length=&#8221;quote_text_shadow_style,%91object Object%93&#8243; quote_text_shadow_blur_strength=&#8221;quote_text_shadow_style,%91object Object%93&#8243; header_text_shadow_horizontal_length=&#8221;header_text_shadow_style,%91object Object%93&#8243; header_text_shadow_vertical_length=&#8221;header_text_shadow_style,%91object Object%93&#8243; header_text_shadow_blur_strength=&#8221;header_text_shadow_style,%91object Object%93&#8243; header_2_text_shadow_horizontal_length=&#8221;header_2_text_shadow_style,%91object Object%93&#8243; header_2_text_shadow_vertical_length=&#8221;header_2_text_shadow_style,%91object Object%93&#8243; header_2_text_shadow_blur_strength=&#8221;header_2_text_shadow_style,%91object Object%93&#8243; header_3_text_shadow_horizontal_length=&#8221;header_3_text_shadow_style,%91object Object%93&#8243; header_3_text_shadow_vertical_length=&#8221;header_3_text_shadow_style,%91object Object%93&#8243; header_3_text_shadow_blur_strength=&#8221;header_3_text_shadow_style,%91object Object%93&#8243; header_4_text_shadow_horizontal_length=&#8221;header_4_text_shadow_style,%91object Object%93&#8243; header_4_text_shadow_vertical_length=&#8221;header_4_text_shadow_style,%91object Object%93&#8243; header_4_text_shadow_blur_strength=&#8221;header_4_text_shadow_style,%91object Object%93&#8243; header_5_text_shadow_horizontal_length=&#8221;header_5_text_shadow_style,%91object Object%93&#8243; header_5_text_shadow_vertical_length=&#8221;header_5_text_shadow_style,%91object Object%93&#8243; header_5_text_shadow_blur_strength=&#8221;header_5_text_shadow_style,%91object Object%93&#8243; header_6_text_shadow_horizontal_length=&#8221;header_6_text_shadow_style,%91object Object%93&#8243; header_6_text_shadow_vertical_length=&#8221;header_6_text_shadow_style,%91object Object%93&#8243; header_6_text_shadow_blur_strength=&#8221;header_6_text_shadow_style,%91object Object%93&#8243; z_index_tablet=&#8221;500&#8243;]<\/p>\n<table>\n<tbody>\n<tr>\n<td><strong>\u043f\/\u043d<\/strong><\/td>\n<td>\n<p style=\"text-align: center;\"><strong>Importer<\/strong><\/p>\n<\/td>\n<\/tr>\n<tr>\n<td colspan=\"2\">\n<p style=\"text-align: center;\"><strong><span id=\"result_box\" class=\"short_text\" lang=\"en\">Russia<\/span><\/strong><\/p>\n<\/td>\n<\/tr>\n<tr>\n<td><strong>1<\/strong><\/td>\n<td>\u0420\u043e\u0442\u043e\u0440 \u0425\u0430\u0443c \u0411\u0440\u044d\u043d\u0434 \u041c\u0435\u043d\u0435\u0434\u0436\u043c\u0435\u043d\u0442 \u041a\u043e\u043c\u043f\u0430\u043d\u0438<\/td>\n<\/tr>\n<tr>\n<td><strong>2<\/strong><\/td>\n<td>\u0410\u0421\u0422<\/td>\n<\/tr>\n<tr>\n<td><strong>3<\/strong><\/td>\n<td>\u041e\u041e\u041e \u00ab\u041a\u0428\u0412\u00bb<\/td>\n<\/tr>\n<tr>\n<td><strong>4<\/strong><\/td>\n<td>\u041e\u0410\u041e \u00ab\u041e\u0440\u043b\u043e\u0432\u0441\u043a\u0438\u0439 \u0432\u0438\u043d\u0437\u0430\u0432\u043e\u0434\u00bb<\/td>\n<\/tr>\n<tr>\n<td colspan=\"2\">\n<p style=\"text-align: center;\"><strong>Belarus<\/strong><\/p>\n<\/td>\n<\/tr>\n<tr>\n<td><strong>1<\/strong><\/td>\n<td>\u0421\u041e\u041e\u041e \u00ab\u041c\u0430\u043b\u0438\u043d\u043e\u0432\u0449\u0438\u0437\u043d\u0435\u043d\u0441\u043a\u0438\u0439 \u0441\u043f\u0438\u0440\u0442\u043e\u0432\u043e\u0434\u043e\u0447\u043d\u044b\u0439 \u0437\u0430\u0432\u043e\u0434 \u2014 \u00ab\u0410\u041a\u0412\u0410\u0414\u0418\u0412\u00bb<\/td>\n<\/tr>\n<tr>\n<td><strong>2<\/strong><\/td>\n<td>\u041e\u0410\u041e \u00ab\u0411\u0440\u0435\u0441\u0442\u0441\u043a\u0438\u0439 \u041b\u0412\u0417 \u00ab\u0411\u0435\u043b\u0430\u043b\u043a\u043e\u00bb<\/td>\n<\/tr>\n<tr>\n<td><strong>3<\/strong><\/td>\n<td>\u0413\u043e\u0441\u0443\u0434\u0430\u0440\u0441\u0442\u0432\u0435\u043d\u043d\u043e\u0435 \u043f\u0440\u0435\u0434\u043f\u0440\u0438\u044f\u0442\u0438\u0435 \u00ab\u0411\u0435\u043b\u0430\u0440\u0443\u0441\u044c\u0442\u043e\u0440\u0433\u00bb<\/td>\n<\/tr>\n<tr>\n<td><strong>4<\/strong><\/td>\n<td>\u041e\u0410\u041e \u00ab\u0411\u0415\u041b\u0411\u0410\u041a\u0410\u041b\u0415\u042f\u00bb<\/td>\n<\/tr>\n<tr>\n<td><strong>5<\/strong><\/td>\n<td>\u041e\u0410\u041e \u00ab\u0411\u0440\u0435\u0441\u0442\u0441\u043a\u0430\u044f \u043e\u0431\u043b\u0430\u0441\u0442\u043d\u0430\u044f \u0431\u0430\u0437\u0430 \u00ab\u0411\u0430\u043a\u0430\u043b\u0435\u044f\u00bb<\/td>\n<\/tr>\n<tr>\n<td><strong>6<\/strong><\/td>\n<td>\u0427\u0423\u041f \u00ab\u0411\u0435\u043b\u043a\u043e\u043e\u043f\u0432\u043d\u0435\u0448\u0442\u043e\u0440\u0433 \u0411\u0435\u043b\u043a\u043e\u043e\u043f\u0441\u043e\u044e\u0437\u0430\u00bb<\/td>\n<\/tr>\n<tr>\n<td><strong>7<\/strong><\/td>\n<td>\u041e\u0410\u041e \u00ab\u0412\u0438\u0442\u0435\u0431\u0441\u043a\u0438\u0439 \u043b\u0438\u043a\u0435\u0440\u043e-\u0432\u043e\u0434\u043e\u0447\u043d\u044b\u0439 \u0437\u0430\u0432\u043e\u0434 \u041f\u0440\u0438\u0434\u0432\u0438\u043d\u044c\u0435\u00bb<\/td>\n<\/tr>\n<tr>\n<td><strong>8<\/strong><\/td>\n<td>\u041e\u0410\u041e \u00ab\u0413\u043e\u043c\u0435\u043b\u044c\u0441\u043a\u0438\u0439 \u043b\u0438\u043a\u0435\u0440\u043e-\u0432\u043e\u0434\u043e\u0447\u043d\u044b\u0439 \u0437\u0430\u0432\u043e\u0434 \u00ab\u0420\u0430\u0434\u0430\u043c\u0438\u0440\u00bb<\/td>\n<\/tr>\n<tr>\n<td><strong>9<\/strong><\/td>\n<td>\u041e\u0410\u041e \u00ab\u0413\u0440\u043e\u0434\u043d\u0435\u043d\u0441\u043a\u0438\u0439 \u043b\u0438\u043a\u0435\u0440\u043e-\u0432\u043e\u0434\u043e\u0447\u043d\u044b\u0439 \u0437\u0430\u0432\u043e\u0434\u00bb<\/td>\n<\/tr>\n<tr>\n<td><strong>10<\/strong><\/td>\n<td>\u0417\u0410\u041e \u00ab\u0417\u0435\u043b\u0435\u043d\u0430\u044f \u043b\u0438\u043d\u0438\u044f\u00bb<\/td>\n<\/tr>\n<tr>\n<td><strong>11<\/strong><\/td>\n<td>\u041e\u0410\u041e \u00ab\u041c\u0418\u041d\u0421\u041a \u041a\u0420\u0418\u0421\u0422\u0410\u041b\u041b\u00bb<\/td>\n<\/tr>\n<tr>\n<td colspan=\"2\">\n<p style=\"text-align: center;\"><strong>Ukraine<\/strong><\/p>\n<\/td>\n<\/tr>\n<tr>\n<td><strong>1<\/strong><\/td>\n<td>\u0427\u0410\u041e \u00ab\u041e\u0434\u0435\u0441\u0441\u043a\u0438\u0439 \u043a\u043e\u043d\u044c\u044f\u0447\u043d\u044b\u0439 \u0437\u0430\u0432\u043e\u0434\u00bb<\/td>\n<\/tr>\n<tr>\n<td><strong>2<\/strong><\/td>\n<td>\u041eO\u041e \u00ab\u0410\u043b\u0435\u0444-\u0412\u0438\u043d\u0430\u043b\u044c-\u041a\u0440\u044b\u043c\u00bb<\/td>\n<\/tr>\n<tr>\n<td><strong>3<\/strong><\/td>\n<td>\u041f\u0410\u041e \u00ab\u0414\u041c\u041a \u00ab\u0422\u0430\u0432\u0440\u0438\u044f\u00bb<\/td>\n<\/tr>\n<tr>\n<td><strong>4<\/strong><\/td>\n<td>ALBO<\/td>\n<\/tr>\n<tr>\n<td><strong>5<\/strong><\/td>\n<td>METRO<\/td>\n<\/tr>\n<tr>\n<td><strong>6<\/strong><\/td>\n<td>\u0422\u0414 \u00ab\u041a\u043e\u043d\u044c\u044f\u043a\u0438 \u041c\u043e\u043b\u0434\u043e\u0432\u044b\u00bb<\/td>\n<\/tr>\n<tr>\n<td colspan=\"2\">\n<p style=\"text-align: center;\"><strong>Kazakhstan<\/strong><\/p>\n<\/td>\n<\/tr>\n<tr>\n<td><strong>1<\/strong><\/td>\n<td>\u0422\u041e\u041e \u00ab\u0422\u0430\u043b\u043f\u044b\u043d\u00bb<\/td>\n<\/tr>\n<tr>\n<td><strong>2<\/strong><\/td>\n<td>\u0422\u041e\u041e \u00ab\u0410\u0437\u0438\u044f\u00bb<\/td>\n<\/tr>\n<tr>\n<td colspan=\"2\">\n<p style=\"text-align: center;\"><strong>Kyrgyzstan<\/strong><\/p>\n<\/td>\n<\/tr>\n<tr>\n<td><strong>1<\/strong><\/td>\n<td>\u0417\u0410\u041e \u00abAtalyk Group\u00bb<\/td>\n<\/tr>\n<tr>\n<td colspan=\"2\">\n<p style=\"text-align: center;\"><strong>Uzbekistan<\/strong><\/p>\n<\/td>\n<\/tr>\n<tr>\n<td><strong>1<\/strong><\/td>\n<td>Duti Free, Uzbekistan<\/td>\n<\/tr>\n<tr>\n<td colspan=\"2\">\n<p style=\"text-align: center;\"><strong>Israel<\/strong><\/p>\n<\/td>\n<\/tr>\n<tr>\n<td><strong>1<\/strong><\/td>\n<td>\u0410\u043b\u043a\u043e\u043d\u0430\u0442\u0443\u0440 \u041b\u0422\u0414<\/td>\n<\/tr>\n<tr>\n<td><strong>2<\/strong><\/td>\n<td>&#8220;Mania &#038; Avidan Production and Food Distribution Ltd&#8221;<\/td>\n<\/tr>\n<tr>\n<td><strong>3<\/strong><\/td>\n<td>\u0420\u0435\u0439\u0442\u0430\u043b \u041b\u0422\u0414<\/td>\n<\/tr>\n<tr>\n<td colspan=\"2\">\n<p style=\"text-align: center;\"><strong>Latvia<\/strong><\/p>\n<\/td>\n<\/tr>\n<tr>\n<td><strong>1<\/strong><\/td>\n<td>\u041b\u0430\u0442\u0430\u043b\u043a\u043e \u041b\u0422\u0414<\/td>\n<\/tr>\n<tr>\n<td><strong>2<\/strong><\/td>\n<td>SIA \u00abGRANDFATHERS WINE\u00bb<\/td>\n<\/tr>\n<tr>\n<td><strong>3<\/strong><\/td>\n<td>AO \u00abLatvijas balzams\u00bb<\/td>\n<\/tr>\n<tr>\n<td colspan=\"2\">\n<p style=\"text-align: center;\"><strong>Lithuania<\/strong><\/p>\n<\/td>\n<\/tr>\n<tr>\n<td><strong>1<\/strong><\/td>\n<td>Gelsva AG<\/td>\n<\/tr>\n<tr>\n<td><strong>2<\/strong><\/td>\n<td>Vilniaus Degtine SA<\/td>\n<\/tr>\n<tr>\n<td><strong>3<\/strong><\/td>\n<td>ITALIANA \u041b\u0422\u0414<\/td>\n<\/tr>\n<tr>\n<td colspan=\"2\">\n<p style=\"text-align: center;\"><strong>Estonia<\/strong><\/p>\n<\/td>\n<\/tr>\n<tr>\n<td><strong>1<\/strong><\/td>\n<td>\u041c\u043e\u043d\u043e\u0442\u0430\u043b \u041b\u0422\u0414<\/td>\n<\/tr>\n<tr>\n<td colspan=\"2\">\n<p style=\"text-align: center;\"><strong>Germany<\/strong><\/p>\n<\/td>\n<\/tr>\n<tr>\n<td><strong>1<\/strong><\/td>\n<td>\u041c\u0430\u0445 plus GMBH<\/td>\n<\/tr>\n<tr>\n<td colspan=\"2\">\n<p style=\"text-align: center;\"><strong>Poland<\/strong><\/p>\n<\/td>\n<\/tr>\n<tr>\n<td><strong>1<\/strong><\/td>\n<td>BARTEX BARTOL Sp.z o.o. Sp.k.<\/td>\n<\/tr>\n<tr>\n<td colspan=\"2\">\n<p style=\"text-align: center;\"><strong>China<\/strong><\/p>\n<\/td>\n<\/tr>\n<tr>\n<td><strong>1<\/strong><\/td>\n<td>HONGSHEN WINES ( SHANGHAI ) CO., LTD<\/td>\n<\/tr>\n<tr>\n<td colspan=\"2\">\n<p style=\"text-align: center;\"><strong>Portugal<\/strong><\/p>\n<\/td>\n<\/tr>\n<tr>\n<td><strong>1<\/strong><\/td>\n<td>Atlantikdynamik-importa\u00e7ao e exporta\u00e7\u00e3o unipessoal lda<\/td>\n<\/tr>\n<\/tbody>\n<\/table>\n<p>&nbsp;<\/p>\n<p>[\/et_pb_text][\/et_pb_column][\/et_pb_row][\/et_pb_section]<\/p>\n","protected":false},"excerpt":{"rendered":"<p>\u043f\/\u043d Importer Russia 1 \u0420\u043e\u0442\u043e\u0440 \u0425\u0430\u0443c \u0411\u0440\u044d\u043d\u0434 \u041c\u0435\u043d\u0435\u0434\u0436\u043c\u0435\u043d\u0442 \u041a\u043e\u043c\u043f\u0430\u043d\u0438 2 \u0410\u0421\u0422 3 \u041e\u041e\u041e \u00ab\u041a\u0428\u0412\u00bb 4 \u041e\u0410\u041e \u00ab\u041e\u0440\u043b\u043e\u0432\u0441\u043a\u0438\u0439 \u0432\u0438\u043d\u0437\u0430\u0432\u043e\u0434\u00bb Belarus 1 \u0421\u041e\u041e\u041e \u00ab\u041c\u0430\u043b\u0438\u043d\u043e\u0432\u0449\u0438\u0437\u043d\u0435\u043d\u0441\u043a\u0438\u0439 \u0441\u043f\u0438\u0440\u0442\u043e\u0432\u043e\u0434\u043e\u0447\u043d\u044b\u0439 \u0437\u0430\u0432\u043e\u0434 \u2014 \u00ab\u0410\u041a\u0412\u0410\u0414\u0418\u0412\u00bb 2 \u041e\u0410\u041e \u00ab\u0411\u0440\u0435\u0441\u0442\u0441\u043a\u0438\u0439 \u041b\u0412\u0417 \u00ab\u0411\u0435\u043b\u0430\u043b\u043a\u043e\u00bb 3 \u0413\u043e\u0441\u0443\u0434\u0430\u0440\u0441\u0442\u0432\u0435\u043d\u043d\u043e\u0435 \u043f\u0440\u0435\u0434\u043f\u0440\u0438\u044f\u0442\u0438\u0435 \u00ab\u0411\u0435\u043b\u0430\u0440\u0443\u0441\u044c\u0442\u043e\u0440\u0433\u00bb 4 \u041e\u0410\u041e \u00ab\u0411\u0415\u041b\u0411\u0410\u041a\u0410\u041b\u0415\u042f\u00bb 5 \u041e\u0410\u041e \u00ab\u0411\u0440\u0435\u0441\u0442\u0441\u043a\u0430\u044f \u043e\u0431\u043b\u0430\u0441\u0442\u043d\u0430\u044f \u0431\u0430\u0437\u0430 \u00ab\u0411\u0430\u043a\u0430\u043b\u0435\u044f\u00bb 6 \u0427\u0423\u041f \u00ab\u0411\u0435\u043b\u043a\u043e\u043e\u043f\u0432\u043d\u0435\u0448\u0442\u043e\u0440\u0433 \u0411\u0435\u043b\u043a\u043e\u043e\u043f\u0441\u043e\u044e\u0437\u0430\u00bb 7 \u041e\u0410\u041e \u00ab\u0412\u0438\u0442\u0435\u0431\u0441\u043a\u0438\u0439 \u043b\u0438\u043a\u0435\u0440\u043e-\u0432\u043e\u0434\u043e\u0447\u043d\u044b\u0439 \u0437\u0430\u0432\u043e\u0434 \u041f\u0440\u0438\u0434\u0432\u0438\u043d\u044c\u0435\u00bb 8 [&hellip;]<\/p>\n","protected":false},"author":1,"featured_media":0,"parent":577,"menu_order":4,"comment_status":"closed","ping_status":"closed","template":"","meta":{"_et_pb_use_builder":"on","_et_pb_old_content":"<table>\r\n<tbody>\r\n<tr>\r\n<td><strong>\u043f\/\u043d<\/strong><\/td>\r\n<td>\r\n<p style=\"text-align: center;\"><strong>\u0418\u043c\u043f\u043e\u0440\u0442\u0435\u0440<\/strong><\/p>\r\n<\/td>\r\n<\/tr>\r\n<tr>\r\n<td colspan=\"2\">\r\n<p style=\"text-align: center;\"><strong>\u0420\u043e\u0441\u0441\u0438\u044f<\/strong><\/p>\r\n<\/td>\r\n<\/tr>\r\n<tr>\r\n<td><strong>1<\/strong><\/td>\r\n<td>\u0420\u043e\u0442\u043e\u0440 \u0425\u0430\u0443\u0437<\/td>\r\n<\/tr>\r\n<tr>\r\n<td><strong>2<\/strong><\/td>\r\n<td>\u0410\u0421\u0422<\/td>\r\n<\/tr>\r\n<tr>\r\n<td><strong>3<\/strong><\/td>\r\n<td>\u041e\u041e\u041e \u00ab\u041a\u0428\u0412\u00bb<\/td>\r\n<\/tr>\r\n<tr>\r\n<td><strong>4<\/strong><\/td>\r\n<td>\u041e\u0410\u041e \u00ab\u041e\u0440\u043b\u043e\u0432\u0441\u043a\u0438\u0439 \u0432\u0438\u043d\u0437\u0430\u0432\u043e\u0434\u00bb<\/td>\r\n<\/tr>\r\n<tr>\r\n<td colspan=\"2\">\r\n<p style=\"text-align: center;\"><strong>\u0411\u0435\u043b\u0430\u0440\u0443\u0441\u044c<\/strong><\/p>\r\n<\/td>\r\n<\/tr>\r\n<tr>\r\n<td><strong>1<\/strong><\/td>\r\n<td>\u0421\u041e\u041e\u041e \u00ab\u041c\u0430\u043b\u0438\u043d\u043e\u0432\u0449\u0438\u0437\u043d\u0435\u043d\u0441\u043a\u0438\u0439 \u0441\u043f\u0438\u0440\u0442\u043e\u0432\u043e\u0434\u043e\u0447\u043d\u044b\u0439 \u0437\u0430\u0432\u043e\u0434\u00a0\u2014 \u00ab\u0410\u041a\u0412\u0410\u0414\u0418\u0412\u00bb<\/td>\r\n<\/tr>\r\n<tr>\r\n<td><strong>2<\/strong><\/td>\r\n<td>\u041e\u0410\u041e \u00ab\u0411\u0440\u0435\u0441\u0442\u0441\u043a\u0438\u0439 \u041b\u0412\u0417 \u00ab\u0411\u0435\u043b\u0430\u043b\u043a\u043e\u00bb<\/td>\r\n<\/tr>\r\n<tr>\r\n<td><strong>3<\/strong><\/td>\r\n<td>\u0413\u043e\u0441\u0443\u0434\u0430\u0440\u0441\u0442\u0432\u0435\u043d\u043d\u043e\u0435 \u043f\u0440\u0435\u0434\u043f\u0440\u0438\u044f\u0442\u0438\u0435 \u00ab\u0411\u0435\u043b\u0430\u0440\u0443\u0441\u044c\u0442\u043e\u0440\u0433\u00bb<\/td>\r\n<\/tr>\r\n<tr>\r\n<td><strong>4<\/strong><\/td>\r\n<td>\u041e\u0410\u041e \u00ab\u0411\u0415\u041b\u0411\u0410\u041a\u0410\u041b\u0415\u042f\u00bb<\/td>\r\n<\/tr>\r\n<tr>\r\n<td><strong>5<\/strong><\/td>\r\n<td>\u041e\u0410\u041e \u00ab\u0411\u0440\u0435\u0441\u0442\u0441\u043a\u0430\u044f \u043e\u0431\u043b\u0430\u0441\u0442\u043d\u0430\u044f \u0431\u0430\u0437\u0430 \u00ab\u0411\u0430\u043a\u0430\u043b\u0435\u044f\u00bb<\/td>\r\n<\/tr>\r\n<tr>\r\n<td><strong>6<\/strong><\/td>\r\n<td>\u0427\u0423\u041f \u00ab\u0411\u0435\u043b\u043a\u043e\u043e\u043f\u0432\u043d\u0435\u0448\u0442\u043e\u0440\u0433 \u0411\u0435\u043b\u043a\u043e\u043e\u043f\u0441\u043e\u044e\u0437\u0430\u00bb<\/td>\r\n<\/tr>\r\n<tr>\r\n<td><strong>7<\/strong><\/td>\r\n<td>\u041e\u0410\u041e \u00ab\u0412\u0438\u0442\u0435\u0431\u0441\u043a\u0438\u0439 \u043b\u0438\u043a\u0435\u0440\u043e-\u0432\u043e\u0434\u043e\u0447\u043d\u044b\u0439 \u0437\u0430\u0432\u043e\u0434 \u041f\u0440\u0438\u0434\u0432\u0438\u043d\u044c\u0435\u00bb<\/td>\r\n<\/tr>\r\n<tr>\r\n<td><strong>8<\/strong><\/td>\r\n<td>\u041e\u0410\u041e \u00ab\u0413\u043e\u043c\u0435\u043b\u044c\u0441\u043a\u0438\u0439 \u043b\u0438\u043a\u0435\u0440\u043e-\u0432\u043e\u0434\u043e\u0447\u043d\u044b\u0439 \u0437\u0430\u0432\u043e\u0434 \u00ab\u0420\u0430\u0434\u0430\u043c\u0438\u0440\u00bb<\/td>\r\n<\/tr>\r\n<tr>\r\n<td><strong>9<\/strong><\/td>\r\n<td>\u041e\u0410\u041e \u00ab\u0413\u0440\u043e\u0434\u043d\u0435\u043d\u0441\u043a\u0438\u0439 \u043b\u0438\u043a\u0435\u0440\u043e-\u0432\u043e\u0434\u043e\u0447\u043d\u044b\u0439 \u0437\u0430\u0432\u043e\u0434\u00bb<\/td>\r\n<\/tr>\r\n<tr>\r\n<td><strong>10<\/strong><\/td>\r\n<td>\u0417\u0410\u041e \u00ab\u0417\u0435\u043b\u0435\u043d\u0430\u044f \u043b\u0438\u043d\u0438\u044f\u00bb<\/td>\r\n<\/tr>\r\n<tr>\r\n<td><strong>11<\/strong><\/td>\r\n<td>\u041e\u0410\u041e \u00ab\u041c\u0418\u041d\u0421\u041a \u041a\u0420\u0418\u0421\u0422\u0410\u041b\u041b\u00bb<\/td>\r\n<\/tr>\r\n<tr>\r\n<td colspan=\"2\">\r\n<p style=\"text-align: center;\"><strong>\u0423\u043a\u0440\u0430\u0438\u043d\u0430<\/strong><\/p>\r\n<\/td>\r\n<\/tr>\r\n<tr>\r\n<td><strong>1<\/strong><\/td>\r\n<td>\u0427\u0410\u041e \u00ab\u041e\u0434\u0435\u0441\u0441\u043a\u0438\u0439 \u043a\u043e\u043d\u044c\u044f\u0447\u043d\u044b\u0439 \u0437\u0430\u0432\u043e\u0434\u00bb<\/td>\r\n<\/tr>\r\n<tr>\r\n<td><strong>2<\/strong><\/td>\r\n<td>\u041eO\u041e \u00ab\u0410\u043b\u0435\u0444-\u0412\u0438\u043d\u0430\u043b\u044c-\u041a\u0440\u044b\u043c\u00bb<\/td>\r\n<\/tr>\r\n<tr>\r\n<td><strong>3<\/strong><\/td>\r\n<td>\u041f\u0410\u041e \u00ab\u0414\u041c\u041a \u00ab\u0422\u0430\u0432\u0440\u0438\u044f\u00bb<\/td>\r\n<\/tr>\r\n<tr>\r\n<td><strong>4<\/strong><\/td>\r\n<td>ALBO<\/td>\r\n<\/tr>\r\n<tr>\r\n<td><strong>5<\/strong><\/td>\r\n<td>METRO<\/td>\r\n<\/tr>\r\n<tr>\r\n<td><strong>6<\/strong><\/td>\r\n<td>\u0422\u0414\u00a0\u00ab\u041a\u043e\u043d\u044c\u044f\u043a\u0438 \u041c\u043e\u043b\u0434\u043e\u0432\u044b\u00bb<\/td>\r\n<\/tr>\r\n<tr>\r\n<td colspan=\"2\">\r\n<p style=\"text-align: center;\"><strong>\u041a\u0430\u0437\u0430\u0445\u0441\u0442\u0430\u043d<\/strong><\/p>\r\n<\/td>\r\n<\/tr>\r\n<tr>\r\n<td><strong>1<\/strong><\/td>\r\n<td>\u0422\u041e\u041e \u00ab\u0422\u0430\u043b\u043f\u044b\u043d\u00bb<\/td>\r\n<\/tr>\r\n<tr>\r\n<td><strong>2<\/strong><\/td>\r\n<td>\u0422\u041e\u041e \u00ab\u0410\u0437\u0438\u044f\u00bb<\/td>\r\n<\/tr>\r\n<tr>\r\n<td colspan=\"2\">\r\n<p style=\"text-align: center;\"><strong>\u041a\u0438\u0440\u0433\u0438\u0437\u0438\u044f<\/strong><\/p>\r\n<\/td>\r\n<\/tr>\r\n<tr>\r\n<td><strong>1<\/strong><\/td>\r\n<td>\u0417\u0410\u041e \u00abAtalyk Group\u00bb<\/td>\r\n<\/tr>\r\n<tr>\r\n<td colspan=\"2\">\r\n<p style=\"text-align: center;\"><strong>\u0423\u0437\u0431\u0435\u043a\u0438\u0441\u0442\u0430\u043d<\/strong><\/p>\r\n<\/td>\r\n<\/tr>\r\n<tr>\r\n<td><strong>1<\/strong><\/td>\r\n<td>Duti Free, \u0423\u0437\u0431\u0435\u043a\u0438\u0441\u0442\u0430\u043d<\/td>\r\n<\/tr>\r\n<tr>\r\n<td colspan=\"2\">\r\n<p style=\"text-align: center;\"><strong>\u0418\u0437\u0440\u0430\u0438\u043b\u044c<\/strong><\/p>\r\n<\/td>\r\n<\/tr>\r\n<tr>\r\n<td><strong>1<\/strong><\/td>\r\n<td>\u0410\u043b\u043a\u043e\u043d\u0430\u0442\u0443\u0440 \u041b\u0422\u0414<\/td>\r\n<\/tr>\r\n<tr>\r\n<td><strong>2<\/strong><\/td>\r\n<td>\u0420\u0435\u0439\u0442\u0430\u043b \u041b\u0422\u0414<\/td>\r\n<\/tr>\r\n<tr>\r\n<td colspan=\"2\">\r\n<p style=\"text-align: center;\"><strong>\u041b\u0430\u0442\u0432\u0438\u044f<\/strong><\/p>\r\n<\/td>\r\n<\/tr>\r\n<tr>\r\n<td><strong>1<\/strong><\/td>\r\n<td>\u041b\u0430\u0442\u0430\u043b\u043a\u043e \u041b\u0422\u0414<\/td>\r\n<\/tr>\r\n<tr>\r\n<td><strong>2<\/strong><\/td>\r\n<td>SIA \u00abGRANDFATHERS WINE\u00bb<\/td>\r\n<\/tr>\r\n<tr>\r\n<td><strong>3<\/strong><\/td>\r\n<td>AO\u00a0\u00abLatvijas balzams\u00bb<\/td>\r\n<\/tr>\r\n<tr>\r\n<td colspan=\"2\">\r\n<p style=\"text-align: center;\"><strong>\u041b\u0438\u0442\u0432\u0430<\/strong><\/p>\r\n<\/td>\r\n<\/tr>\r\n<tr>\r\n<td><strong>1<\/strong><\/td>\r\n<td>Gelsva AG<\/td>\r\n<\/tr>\r\n<tr>\r\n<td><strong>2<\/strong><\/td>\r\n<td>Vilniaus Degtine SA<\/td>\r\n<\/tr>\r\n<tr>\r\n<td><strong>3<\/strong><\/td>\r\n<td>ITALIANA \u041b\u0422\u0414<\/td>\r\n<\/tr>\r\n<tr>\r\n<td colspan=\"2\">\r\n<p style=\"text-align: center;\"><strong>\u042d\u0441\u0442\u043e\u043d\u0438\u044f<\/strong><\/p>\r\n<\/td>\r\n<\/tr>\r\n<tr>\r\n<td><strong>1<\/strong><\/td>\r\n<td>\u041c\u043e\u043d\u043e\u0442\u0430\u043b \u041b\u0422\u0414<\/td>\r\n<\/tr>\r\n<tr>\r\n<td colspan=\"2\">\r\n<p style=\"text-align: center;\"><strong>\u0413\u0435\u0440\u043c\u0430\u043d\u0438\u044f<\/strong><\/p>\r\n<\/td>\r\n<\/tr>\r\n<tr>\r\n<td><strong>1<\/strong><\/td>\r\n<td>\u041c\u0430\u0445 plus GMBH<\/td>\r\n<\/tr>\r\n<tr>\r\n<td colspan=\"2\">\r\n<p style=\"text-align: center;\"><strong>\u041f\u043e\u043b\u044c\u0448\u0430<\/strong><\/p>\r\n<\/td>\r\n<\/tr>\r\n<tr>\r\n<td><strong>1<\/strong><\/td>\r\n<td>BARTEX\u00a0BARTOL Sp.z o.o. Sp.k.<\/td>\r\n<\/tr>\r\n<tr>\r\n<td colspan=\"2\">\r\n<p style=\"text-align: center;\"><strong>\u041a\u0438\u0442\u0430\u0439<\/strong><\/p>\r\n<\/td>\r\n<\/tr>\r\n<tr>\r\n<td><strong>1<\/strong><\/td>\r\n<td>HONGSHEN WINES ( SHANGHAI ) CO., LTD<\/td>\r\n<\/tr>\r\n<tr>\r\n<td colspan=\"2\">\r\n<p style=\"text-align: center;\"><strong>\u041f\u041e\u0420\u0422\u0423\u0413\u0410\u041b\u0418\u042f<\/strong><\/p>\r\n<\/td>\r\n<\/tr>\r\n<tr>\r\n<td><strong>1<\/strong><\/td>\r\n<td>Atlantikdynamik-importa\u00e7ao e\u00a0exporta\u00e7\u00e3o unipessoal lda<\/td>\r\n<\/tr>\r\n<\/tbody>\r\n<\/table>","_et_gb_content_width":"","footnotes":""},"_links":{"self":[{"href":"https:\/\/moldstandart.md\/en\/wp-json\/wp\/v2\/pages\/769"}],"collection":[{"href":"https:\/\/moldstandart.md\/en\/wp-json\/wp\/v2\/pages"}],"about":[{"href":"https:\/\/moldstandart.md\/en\/wp-json\/wp\/v2\/types\/page"}],"author":[{"embeddable":true,"href":"https:\/\/moldstandart.md\/en\/wp-json\/wp\/v2\/users\/1"}],"replies":[{"embeddable":true,"href":"https:\/\/moldstandart.md\/en\/wp-json\/wp\/v2\/comments?post=769"}],"version-history":[{"count":7,"href":"https:\/\/moldstandart.md\/en\/wp-json\/wp\/v2\/pages\/769\/revisions"}],"predecessor-version":[{"id":2651,"href":"https:\/\/moldstandart.md\/en\/wp-json\/wp\/v2\/pages\/769\/revisions\/2651"}],"up":[{"embeddable":true,"href":"https:\/\/moldstandart.md\/en\/wp-json\/wp\/v2\/pages\/577"}],"wp:attachment":[{"href":"https:\/\/moldstandart.md\/en\/wp-json\/wp\/v2\/media?parent=769"}],"curies":[{"name":"wp","href":"https:\/\/api.w.org\/{rel}","templated":true}]}}